{"id":10,"date":"2025-01-11T23:33:10","date_gmt":"2025-01-11T23:33:10","guid":{"rendered":"https:\/\/sanlimadigital.com.br\/autoatendimento\/my-account\/"},"modified":"2025-02-24T21:59:53","modified_gmt":"2025-02-25T00:59:53","slug":"minha-conta","status":"publish","type":"page","link":"https:\/\/sanlimadigital.com.br\/autoatendimento\/minha-conta\/","title":{"rendered":"Minha conta"},"content":{"rendered":"\t\t<div data-elementor-type=\"wp-page\" data-elementor-id=\"10\" class=\"elementor elementor-10\" data-elementor-settings=\"{&quot;ha_cmc_init_switcher&quot;:&quot;no&quot;}\" data-elementor-post-type=\"page\">\n\t\t\t\t<div class=\"elementor-element elementor-element-217d1369 e-flex e-con-boxed e-con e-parent\" data-id=\"217d1369\" data-element_type=\"container\" data-settings=\"{&quot;_ha_eqh_enable&quot;:false}\">\n\t\t\t\t\t<div class=\"e-con-inner\">\n\t\t\t\t<div class=\"elementor-element elementor-element-b14ae5e e-my-account-tabs-horizontal elementor-widget elementor-widget-woocommerce-my-account\" data-id=\"b14ae5e\" data-element_type=\"widget\" data-settings=\"{&quot;customize_dashboard_check&quot;:&quot;yes&quot;}\" data-widget_type=\"woocommerce-my-account.default\">\n\t\t\t\t\t<div class=\"e-my-account-tab e-my-account-tab__ \">\t\t\t<div class=\"woocommerce\"><\/div>\t\t<\/div>\n\t\t\t\t\t\t<\/div>\n\t\t\t\t\t<\/div>\n\t\t\t\t<\/div>\n\t\t\t\t<\/div>\n\t\t","protected":false},"excerpt":{"rendered":"<p>Minha Cinta Painel Pedidos Endere\u00e7o Detlhes da Conta Rastreiar Sair Painel Pedidos Endere\u00e7o Detlhes da Conta Rastreiar Sair Dashboard Orders Downloads Addresses Account Details Logout Dashboard Orders Downloads Addresses Account Details Logout Ol\u00e1, makeup10.loja (n\u00e3o \u00e9 makeup10.loja? Sair) A partir do painel de controle de sua conta, voc\u00ea pode ver suas compras recentes, gerenciar seus [&hellip;]<\/p>\n","protected":false},"author":1,"featured_media":0,"parent":0,"menu_order":0,"comment_status":"closed","ping_status":"closed","template":"elementor_header_footer","meta":{"footnotes":""},"class_list":["post-10","page","type-page","status-publish","hentry"],"_links":{"self":[{"href":"https:\/\/sanlimadigital.com.br\/autoatendimento\/wp-json\/wp\/v2\/pages\/10","targetHints":{"allow":["GET"]}}],"collection":[{"href":"https:\/\/sanlimadigital.com.br\/autoatendimento\/wp-json\/wp\/v2\/pages"}],"about":[{"href":"https:\/\/sanlimadigital.com.br\/autoatendimento\/wp-json\/wp\/v2\/types\/page"}],"author":[{"embeddable":true,"href":"https:\/\/sanlimadigital.com.br\/autoatendimento\/wp-json\/wp\/v2\/users\/1"}],"replies":[{"embeddable":true,"href":"https:\/\/sanlimadigital.com.br\/autoatendimento\/wp-json\/wp\/v2\/comments?post=10"}],"version-history":[{"count":43,"href":"https:\/\/sanlimadigital.com.br\/autoatendimento\/wp-json\/wp\/v2\/pages\/10\/revisions"}],"predecessor-version":[{"id":392,"href":"https:\/\/sanlimadigital.com.br\/autoatendimento\/wp-json\/wp\/v2\/pages\/10\/revisions\/392"}],"wp:attachment":[{"href":"https:\/\/sanlimadigital.com.br\/autoatendimento\/wp-json\/wp\/v2\/media?parent=10"}],"curies":[{"name":"wp","href":"https:\/\/api.w.org\/{rel}","templated":true}]}}