{"id":150,"date":"2025-02-18T21:47:28","date_gmt":"2025-02-19T00:47:28","guid":{"rendered":"https:\/\/sanlimadigital.com.br\/autoatendimento\/?page_id=150"},"modified":"2025-02-24T05:44:52","modified_gmt":"2025-02-24T08:44:52","slug":"sobre","status":"publish","type":"page","link":"https:\/\/sanlimadigital.com.br\/autoatendimento\/sobre\/","title":{"rendered":"Sobre"},"content":{"rendered":"\t\t<div data-elementor-type=\"wp-page\" data-elementor-id=\"150\" class=\"elementor elementor-150\" data-elementor-settings=\"{&quot;ha_cmc_init_switcher&quot;:&quot;no&quot;}\" data-elementor-post-type=\"page\">\n\t\t\t\t<div class=\"elementor-element elementor-element-43f55db e-flex e-con-boxed e-con e-parent\" data-id=\"43f55db\" data-element_type=\"container\" data-settings=\"{&quot;background_background&quot;:&quot;classic&quot;,&quot;_ha_eqh_enable&quot;:false}\">\n\t\t\t\t\t<div class=\"e-con-inner\">\n\t\t\t\t<div class=\"elementor-element elementor-element-ac5ddc2 elementor-widget elementor-widget-heading\" data-id=\"ac5ddc2\" data-element_type=\"widget\" data-widget_type=\"heading.default\">\n\t\t\t\t\t<h2 class=\"elementor-heading-title elementor-size-default\">Sobre N\u00f3s<\/h2>\t\t\t\t<\/div>\n\t\t\t\t\t<\/div>\n\t\t\t\t<\/div>\n\t\t<div class=\"elementor-element elementor-element-3ad590e e-flex e-con-boxed e-con e-parent\" data-id=\"3ad590e\" data-element_type=\"container\" data-settings=\"{&quot;_ha_eqh_enable&quot;:false}\">\n\t\t\t\t\t<div class=\"e-con-inner\">\n\t\t<div class=\"elementor-element elementor-element-1c59077 e-con-full e-flex e-con e-child\" data-id=\"1c59077\" data-element_type=\"container\" data-settings=\"{&quot;_ha_eqh_enable&quot;:false}\">\n\t\t\t\t<div class=\"elementor-element elementor-element-790634b elementor-widget elementor-widget-heading\" data-id=\"790634b\" data-element_type=\"widget\" data-widget_type=\"heading.default\">\n\t\t\t\t\t<h2 class=\"elementor-heading-title elementor-size-default\">Sobre N\u00f3s<\/h2>\t\t\t\t<\/div>\n\t\t\t\t<div class=\"elementor-element elementor-element-6e5eb3d elementor-widget elementor-widget-heading\" data-id=\"6e5eb3d\" data-element_type=\"widget\" data-widget_type=\"heading.default\">\n\t\t\t\t\t<h2 class=\"elementor-heading-title elementor-size-default\">Conhe\u00e7a um pouco sobre a Auto Atendimento<\/h2>\t\t\t\t<\/div>\n\t\t\t\t<div class=\"elementor-element elementor-element-36fc13f elementor-widget elementor-widget-text-editor\" data-id=\"36fc13f\" data-element_type=\"widget\" data-widget_type=\"text-editor.default\">\n\t\t\t\t\t\t\t\t\t<p>A Auto Atendimento \u00e9 uma loja focada em vendas Online de acess\u00f3rios, que tem como miss\u00e3o, apresentar aos nossos clientes as melhores solu\u00e7\u00f5es do mercado, oferecendo qualidade, pre\u00e7os imbat\u00edveis e um \u00f3timo atendimento. Atendendo clientes de todo o Brasil.<\/p>\t\t\t\t\t\t\t\t<\/div>\n\t\t\t\t<\/div>\n\t\t<div class=\"elementor-element elementor-element-dd87ddf e-con-full e-flex e-con e-child\" data-id=\"dd87ddf\" data-element_type=\"container\" data-settings=\"{&quot;_ha_eqh_enable&quot;:false}\">\n\t\t\t\t<div class=\"elementor-element elementor-element-17e957b elementor-widget__width-initial elementor-widget elementor-widget-image\" data-id=\"17e957b\" data-element_type=\"widget\" data-widget_type=\"image.default\">\n\t\t\t\t\t\t\t\t\t\t\t\t\t\t\t<img fetchpriority=\"high\" decoding=\"async\" width=\"3375\" height=\"3375\" src=\"https:\/\/sanlimadigital.com.br\/autoatendimento\/wp-content\/uploads\/2025\/02\/Smartwatch-acessorios-post-instagram-2.png\" class=\"attachment-full size-full wp-image-362\" alt=\"\" srcset=\"https:\/\/sanlimadigital.com.br\/autoatendimento\/wp-content\/uploads\/2025\/02\/Smartwatch-acessorios-post-instagram-2.png 3375w, https:\/\/sanlimadigital.com.br\/autoatendimento\/wp-content\/uploads\/2025\/02\/Smartwatch-acessorios-post-instagram-2-300x300.png 300w, https:\/\/sanlimadigital.com.br\/autoatendimento\/wp-content\/uploads\/2025\/02\/Smartwatch-acessorios-post-instagram-2-1024x1024.png 1024w, https:\/\/sanlimadigital.com.br\/autoatendimento\/wp-content\/uploads\/2025\/02\/Smartwatch-acessorios-post-instagram-2-150x150.png 150w, https:\/\/sanlimadigital.com.br\/autoatendimento\/wp-content\/uploads\/2025\/02\/Smartwatch-acessorios-post-instagram-2-768x768.png 768w, https:\/\/sanlimadigital.com.br\/autoatendimento\/wp-content\/uploads\/2025\/02\/Smartwatch-acessorios-post-instagram-2-1536x1536.png 1536w, https:\/\/sanlimadigital.com.br\/autoatendimento\/wp-content\/uploads\/2025\/02\/Smartwatch-acessorios-post-instagram-2-2048x2048.png 2048w, https:\/\/sanlimadigital.com.br\/autoatendimento\/wp-content\/uploads\/2025\/02\/Smartwatch-acessorios-post-instagram-2-600x600.png 600w, https:\/\/sanlimadigital.com.br\/autoatendimento\/wp-content\/uploads\/2025\/02\/Smartwatch-acessorios-post-instagram-2-100x100.png 100w, https:\/\/sanlimadigital.com.br\/autoatendimento\/wp-content\/uploads\/2025\/02\/Smartwatch-acessorios-post-instagram-2-50x50.png 50w, https:\/\/sanlimadigital.com.br\/autoatendimento\/wp-content\/uploads\/2025\/02\/Smartwatch-acessorios-post-instagram-2-64x64.png 64w\" sizes=\"(max-width: 3375px) 100vw, 3375px\" \/>\t\t\t\t\t\t\t\t\t\t\t\t\t\t\t<\/div>\n\t\t\t\t<\/div>\n\t\t\t\t\t<\/div>\n\t\t\t\t<\/div>\n\t\t\t\t<\/div>\n\t\t","protected":false},"excerpt":{"rendered":"<p>Sobre N\u00f3s Sobre N\u00f3s Conhe\u00e7a um pouco sobre a Auto Atendimento A Auto Atendimento \u00e9 uma loja focada em vendas Online de acess\u00f3rios, que tem como miss\u00e3o, apresentar aos nossos clientes as melhores solu\u00e7\u00f5es do mercado, oferecendo qualidade, pre\u00e7os imbat\u00edveis e um \u00f3timo atendimento. Atendendo clientes de todo o Brasil.<\/p>\n","protected":false},"author":1,"featured_media":0,"parent":0,"menu_order":0,"comment_status":"closed","ping_status":"closed","template":"elementor_header_footer","meta":{"footnotes":""},"class_list":["post-150","page","type-page","status-publish","hentry"],"_links":{"self":[{"href":"https:\/\/sanlimadigital.com.br\/autoatendimento\/wp-json\/wp\/v2\/pages\/150","targetHints":{"allow":["GET"]}}],"collection":[{"href":"https:\/\/sanlimadigital.com.br\/autoatendimento\/wp-json\/wp\/v2\/pages"}],"about":[{"href":"https:\/\/sanlimadigital.com.br\/autoatendimento\/wp-json\/wp\/v2\/types\/page"}],"author":[{"embeddable":true,"href":"https:\/\/sanlimadigital.com.br\/autoatendimento\/wp-json\/wp\/v2\/users\/1"}],"replies":[{"embeddable":true,"href":"https:\/\/sanlimadigital.com.br\/autoatendimento\/wp-json\/wp\/v2\/comments?post=150"}],"version-history":[{"count":4,"href":"https:\/\/sanlimadigital.com.br\/autoatendimento\/wp-json\/wp\/v2\/pages\/150\/revisions"}],"predecessor-version":[{"id":365,"href":"https:\/\/sanlimadigital.com.br\/autoatendimento\/wp-json\/wp\/v2\/pages\/150\/revisions\/365"}],"wp:attachment":[{"href":"https:\/\/sanlimadigital.com.br\/autoatendimento\/wp-json\/wp\/v2\/media?parent=150"}],"curies":[{"name":"wp","href":"https:\/\/api.w.org\/{rel}","templated":true}]}}