{"id":112,"date":"2025-02-18T19:59:09","date_gmt":"2025-02-18T22:59:09","guid":{"rendered":"https:\/\/sanlimadigital.com.br\/autoatendimento\/?post_type=product&#038;p=112"},"modified":"2025-02-18T19:59:09","modified_gmt":"2025-02-18T22:59:09","slug":"smartwatch-para-telefone-xiaomi-full-touch-fitness-tracker","status":"publish","type":"product","link":"https:\/\/sanlimadigital.com.br\/autoatendimento\/product\/smartwatch-para-telefone-xiaomi-full-touch-fitness-tracker\/","title":{"rendered":"Smartwatch para telefone Xiaomi Full Touch Fitness Tracker"},"content":{"rendered":"<p>COLMI P8 Plus<\/p>\n<p>COLMI P8 Plus \u00e9 nosso rel\u00f3gio inteligente de \u00faltima gera\u00e7\u00e3o e mais econ\u00f4mico. Nesta nova vers\u00e3o, o rel\u00f3gio inteligente COLMI P8 Plus tem um visor colorido de 1,69 \u201ctotalmente novo e toque totalmente capacitivo, com suporte para toques e deslizamentos, por isso \u00e9 f\u00e1cil de ler e operar. A pulseira de silicone macia torna o COLMI P8 Plus leve e confort\u00e1vel para usar em seu pulso e est\u00e1 dispon\u00edvel em 4 belas cores com al\u00e7as troc\u00e1veis \u200b\u200bcombinando.<\/p>\n<p>COLMI P8 Plus vs. P8<\/p>\n<p>Atualiza\u00e7\u00e3o do P8 Plus: Tela: Atualiza\u00e7\u00e3o de 1,4 polegadas para 1,69 polegadas Resolu\u00e7\u00e3o da tela: Atualize da resolu\u00e7\u00e3o 240 * 240 para a resolu\u00e7\u00e3o 240 * 280. Bateria: atualiza\u00e7\u00e3o de 170 mAh para 190 mAh \u00e0 prova d\u2019\u00e1gua: atualiza\u00e7\u00e3o de IPX7 para IP67 Nova fun\u00e7\u00e3o: gire o bot\u00e3o para operar o rel\u00f3gio. Mais mem\u00f3ria, interface de IU totalmente nova.<\/p>\n<p>Mantenha-se saud\u00e1vel<\/p>\n<p>&gt; Esportes: Monitoramento de atividades o dia todo, IP67 \u00e0 prova d\u2019\u00e1gua, 8 modos de exerc\u00edcio, cron\u00f4metro, relat\u00f3rio de dados esportivos. &gt; Sa\u00fade: 24 horas por dia, 7 dias por semana, frequ\u00eancia card\u00edaca, press\u00e3o arterial, oxig\u00eanio no sangue, rastreamento e est\u00e1gios do sono, lembretes para se mover, rastreie seu ciclo menstrual. &gt; Vida: notifica\u00e7\u00f5es de smartphone, despertador, clima, obturador, m\u00fasica de controle, mais de 100 mostradores de rel\u00f3gio. (suporta mostradores de rel\u00f3gio personalizados.) Com uma bateria de at\u00e9 7 dias, mantenha a inspira\u00e7\u00e3o chegando dia e noite.<\/p>\n<p>L\u00edngua<\/p>\n<p>Informa\u00e7\u00f5es push: suporte a todos os idiomas Idiomas do smart watch: ingl\u00eas, russo, espanhol, portugu\u00eas, japon\u00eas, coreano, alem\u00e3o, franc\u00eas, \u00e1rabe, ucraniano, italiano, indon\u00e9sio, tailand\u00eas, chin\u00eas, idioma do aplicativo chin\u00eas tradicional: russo, espanhol, portugu\u00eas, alem\u00e3o , Italiano, tcheco, japon\u00eas, franc\u00eas, polon\u00eas, tailand\u00eas, sueco, ucraniano, finland\u00eas, ingl\u00eas, holand\u00eas, vietnamita, \u00e1rabe, coreano, dinamarqu\u00eas, b\u00falgaro, bokmal, noruegu\u00eas, hindi, indon\u00e9sio, pashto, chin\u00eas simplificado, chin\u00eas tradicional.<\/p>\n<p>&nbsp;<\/p>\n<p>Inclu\u00eddo no Pacote<\/p>\n<p>Rel\u00f3gio inteligente P8 Plus * 1 Manual do usu\u00e1rio * 1 Cabo USB * 1<\/p>\n<p>Loja oficial COLMI<\/p>\n<p>Os rel\u00f3gios inteligentes COLMI aut\u00eanticos s\u00e3o projetados e fabricados com materiais de alta qualidade e s\u00e3o sempre testados em termos de qualidade antes de sa\u00edrem de nossa f\u00e1brica. Como os dispositivos falsificados ou falsos n\u00e3o s\u00e3o constru\u00eddos ou testados de acordo com esses padr\u00f5es, eles podem ter um desempenho insatisfat\u00f3rio ou funcionar incorretamente. Portanto, recomendamos a compra de dispositivos vendidos apenas em nossa loja oficial.<\/p>\n<p>Em estoque<\/p>\n<p>O smartwatch COLMI P8 Plus est\u00e1 em estoque.<\/p>\n<p>&nbsp;<\/p>\n<p>Pol\u00edtica de garantia<\/p>\n<p>Garantia de um ano.<\/p>\n<p>Voltar para casa<\/p>\n<p>&nbsp;<\/p>\n<p>Hist\u00f3ria da Marca<\/p>\n<p>A COLMI foi fundada em 2012. Slogan: Jovem e simples, mas nunca ing\u00eanuo. Miss\u00e3o: Fornecer eletr\u00f4nicos inteligentes com boa rela\u00e7\u00e3o custo-benef\u00edcio.<\/p>\n","protected":false},"excerpt":{"rendered":"<p>COLMI P8 Plus COLMI P8 Plus \u00e9 nosso rel\u00f3gio inteligente de \u00faltima gera\u00e7\u00e3o e mais econ\u00f4mico. Nesta nova vers\u00e3o, o rel\u00f3gio inteligente COLMI P8 Plus tem um visor colorido de 1,69 \u201ctotalmente novo e toque totalmente capacitivo, com suporte para toques e deslizamentos, por isso \u00e9 f\u00e1cil de ler e operar. A pulseira de silicone [&hellip;]<\/p>\n","protected":false},"featured_media":122,"comment_status":"open","ping_status":"closed","template":"","meta":[],"product_brand":[],"product_cat":[19],"product_tag":[],"class_list":{"0":"post-112","1":"product","2":"type-product","3":"status-publish","4":"has-post-thumbnail","6":"product_cat-smart-wartch","8":"first","9":"instock","10":"sale","11":"shipping-taxable","12":"purchasable","13":"product-type-variable"},"_links":{"self":[{"href":"https:\/\/sanlimadigital.com.br\/autoatendimento\/wp-json\/wp\/v2\/product\/112","targetHints":{"allow":["GET"]}}],"collection":[{"href":"https:\/\/sanlimadigital.com.br\/autoatendimento\/wp-json\/wp\/v2\/product"}],"about":[{"href":"https:\/\/sanlimadigital.com.br\/autoatendimento\/wp-json\/wp\/v2\/types\/product"}],"replies":[{"embeddable":true,"href":"https:\/\/sanlimadigital.com.br\/autoatendimento\/wp-json\/wp\/v2\/comments?post=112"}],"wp:featuredmedia":[{"embeddable":true,"href":"https:\/\/sanlimadigital.com.br\/autoatendimento\/wp-json\/wp\/v2\/media\/122"}],"wp:attachment":[{"href":"https:\/\/sanlimadigital.com.br\/autoatendimento\/wp-json\/wp\/v2\/media?parent=112"}],"wp:term":[{"taxonomy":"product_brand","embeddable":true,"href":"https:\/\/sanlimadigital.com.br\/autoatendimento\/wp-json\/wp\/v2\/product_brand?post=112"},{"taxonomy":"product_cat","embeddable":true,"href":"https:\/\/sanlimadigital.com.br\/autoatendimento\/wp-json\/wp\/v2\/product_cat?post=112"},{"taxonomy":"product_tag","embeddable":true,"href":"https:\/\/sanlimadigital.com.br\/autoatendimento\/wp-json\/wp\/v2\/product_tag?post=112"}],"curies":[{"name":"wp","href":"https:\/\/api.w.org\/{rel}","templated":true}]}}