{"id":127,"date":"2025-02-18T20:05:07","date_gmt":"2025-02-18T23:05:07","guid":{"rendered":"https:\/\/sanlimadigital.com.br\/autoatendimento\/?post_type=product&#038;p=127"},"modified":"2025-02-18T20:05:16","modified_gmt":"2025-02-18T23:05:16","slug":"smart-watch-masculino-e-feminino-compativel-com-android-e-ios","status":"publish","type":"product","link":"https:\/\/sanlimadigital.com.br\/autoatendimento\/product\/smart-watch-masculino-e-feminino-compativel-com-android-e-ios\/","title":{"rendered":"Smart Watch Masculino e Feminino Compat\u00edvel com Android e IOS"},"content":{"rendered":"<p><strong>Nossos produtos ser\u00e3o testados antes do envio para garantir que cada produto possa funcionar corretamente.<\/strong><br \/>\n<strong>Se voc\u00ea tiver alguma d\u00favida sobre o produto, entre em contato com o servi\u00e7o ao cliente.<\/strong><\/p>\n<p><strong>Caracter\u00edsticas:<\/strong><\/p>\n<p>Freq\u00fc\u00eancia card\u00edaca, detec\u00e7\u00e3o de press\u00e3o arterial, monitor de oxig\u00eanio no sangue, contador de passo esporte (sensor 3d), consumo de calorias, dist\u00e2ncia de movimento, liga\u00e7\u00e3o bluetooth, lembrete de chamada recebida, alerta de informa\u00e7\u00f5es, iluminar as m\u00e3os, rel\u00f3gio despertador inteligente, olhar para pulseira, c\u00e2mera de longo alcance, longo tempo sentado lembrete, monitoramento do sono, informa\u00e7\u00f5es push (Sms, facebook, twitter, whatsapp, etc.) informa\u00e7\u00f5es de leitura, etc.<\/p>\n<p>Descri\u00e7\u00e3o:<br \/>\n\u25aa100% novo e de alta qualidade<br \/>\n\u25aaDisplay: tela de toque 1.3 hd<br \/>\n\u25aaResolu\u00e7\u00e3o: 240*240 pixels<br \/>\n\u25aaAPP: Ajuste pro<br \/>\n\u25aaIP67 \u00c0 Prova D\u2019 \u00c1gua<br \/>\n\u25aaTipo de bateria: bateria de pol\u00edmero de l\u00edtio<br \/>\n\u25aaSuporte: para bluetooth 4.0 e android4.3 ou acima<br \/>\nPara bluetooth 4.0 e ios8.0 ou acima<\/p>\n<p>Charge * carga direta usb (este smartwatch n\u00e3o precisa de um cabo de carregamento, basta puxar banda para fora, voc\u00ea vai encontrar uma interface usb. voc\u00ea pode conect\u00e1-lo \u00e0 interface usb, cabe\u00e7a de carregamento do telefone celular, interface usb do computador e assim por diante para carregar.)<\/p>\n<p>Lista de produtos:<br \/>\n1x pulseira Inteligente<br \/>\n1x manual do usu\u00e1rio<\/p>\n<p>Tenha um bom dia<\/p>\n","protected":false},"excerpt":{"rendered":"<p>Nossos produtos ser\u00e3o testados antes do envio para garantir que cada produto possa funcionar corretamente. Se voc\u00ea tiver alguma d\u00favida sobre o produto, entre em contato com o servi\u00e7o ao cliente. Caracter\u00edsticas: Freq\u00fc\u00eancia card\u00edaca, detec\u00e7\u00e3o de press\u00e3o arterial, monitor de oxig\u00eanio no sangue, contador de passo esporte (sensor 3d), consumo de calorias, dist\u00e2ncia de movimento, [&hellip;]<\/p>\n","protected":false},"featured_media":137,"comment_status":"open","ping_status":"closed","template":"","meta":[],"product_brand":[],"product_cat":[19],"product_tag":[],"class_list":{"0":"post-127","1":"product","2":"type-product","3":"status-publish","4":"has-post-thumbnail","6":"product_cat-smart-wartch","8":"first","9":"instock","10":"sale","11":"shipping-taxable","12":"purchasable","13":"product-type-variable"},"_links":{"self":[{"href":"https:\/\/sanlimadigital.com.br\/autoatendimento\/wp-json\/wp\/v2\/product\/127","targetHints":{"allow":["GET"]}}],"collection":[{"href":"https:\/\/sanlimadigital.com.br\/autoatendimento\/wp-json\/wp\/v2\/product"}],"about":[{"href":"https:\/\/sanlimadigital.com.br\/autoatendimento\/wp-json\/wp\/v2\/types\/product"}],"replies":[{"embeddable":true,"href":"https:\/\/sanlimadigital.com.br\/autoatendimento\/wp-json\/wp\/v2\/comments?post=127"}],"wp:featuredmedia":[{"embeddable":true,"href":"https:\/\/sanlimadigital.com.br\/autoatendimento\/wp-json\/wp\/v2\/media\/137"}],"wp:attachment":[{"href":"https:\/\/sanlimadigital.com.br\/autoatendimento\/wp-json\/wp\/v2\/media?parent=127"}],"wp:term":[{"taxonomy":"product_brand","embeddable":true,"href":"https:\/\/sanlimadigital.com.br\/autoatendimento\/wp-json\/wp\/v2\/product_brand?post=127"},{"taxonomy":"product_cat","embeddable":true,"href":"https:\/\/sanlimadigital.com.br\/autoatendimento\/wp-json\/wp\/v2\/product_cat?post=127"},{"taxonomy":"product_tag","embeddable":true,"href":"https:\/\/sanlimadigital.com.br\/autoatendimento\/wp-json\/wp\/v2\/product_tag?post=127"}],"curies":[{"name":"wp","href":"https:\/\/api.w.org\/{rel}","templated":true}]}}