{"id":56,"date":"2025-02-18T19:26:54","date_gmt":"2025-02-18T22:26:54","guid":{"rendered":"https:\/\/sanlimadigital.com.br\/autoatendimento\/?post_type=product&#038;p=56"},"modified":"2025-02-18T19:28:39","modified_gmt":"2025-02-18T22:28:39","slug":"sqr-p18-smart-watch-feminino-1-6-inch-2021-full-touch","status":"publish","type":"product","link":"https:\/\/sanlimadigital.com.br\/autoatendimento\/product\/sqr-p18-smart-watch-feminino-1-6-inch-2021-full-touch\/","title":{"rendered":"SQR P18 Smart Watch Feminino 1.6 Inch 2021 Full Touch"},"content":{"rendered":"<ul class=\"a-unordered-list a-vertical a-spacing-mini\">\n<li class=\"a-spacing-mini\"><span class=\"a-list-item\">CONTROLE SUAS VIAGENS: mantenha-se no topo de suas metas de condicionamento f\u00edsico com o controle de atividades dedicado para caminhada, corrida, nata\u00e7\u00e3o, ciclismo, pular corda, basquete e futebol. Seu treinador pessoal de condicionamento f\u00edsico em seu pulso!<\/span><\/li>\n<li class=\"a-spacing-mini\"><span class=\"a-list-item\">RESISTENTE \u00c0 \u00c1GUA: mergulhe na sua jornada de condicionamento f\u00edsico sem se preocupar! Este rel\u00f3gio \u00e9 resistente \u00e0 \u00e1gua, permitindo que voc\u00ea fique at\u00e9 1 metro de profundidade. Ideal para nadar e usar em qualquer clima.<\/span><\/li>\n<li class=\"a-spacing-mini\"><span class=\"a-list-item\">CONECTADO SOCIALMENTE: integra-se perfeitamente \u00e0s suas redes de m\u00eddia social, mantendo-o informado enquanto voc\u00ea est\u00e1 em movimento. Mantenha-se conectado, compartilhe suas conquistas e nunca perca nada.<\/span><\/li>\n<li class=\"a-spacing-mini\"><span class=\"a-list-item\">ESTILO PERSONALIZ\u00c1VEL: fa\u00e7a uma declara\u00e7\u00e3o com um toque personalizado. Escolha entre mais de 80 mostradores de rel\u00f3gio exclusivos, garantindo que seu rel\u00f3gio reflita seu estilo e humor.<\/span><\/li>\n<li class=\"a-spacing-mini\"><span class=\"a-list-item\">AL\u00c9M DA CRONOMETRIA: eleve sua rotina di\u00e1ria com recursos multifuncionais, como alarmes, cron\u00f4metro, contagem regressiva e controle remoto para m\u00fasicas e fotos. Suas tarefas di\u00e1rias, agora na ponta de seus dedos.<\/span><\/li>\n<li class=\"a-spacing-mini\"><span class=\"a-list-item\">GPS EM MOVIMENTO: aproveite o poder do GPS passivo. Conecte seu rel\u00f3gio ao telefone e acompanhe sua jornada sem esfor\u00e7o. Explore novos caminhos com confian\u00e7a.<\/span><\/li>\n<\/ul>\n","protected":false},"excerpt":{"rendered":"<p>CONTROLE SUAS VIAGENS: mantenha-se no topo de suas metas de condicionamento f\u00edsico com o controle de atividades dedicado para caminhada, corrida, nata\u00e7\u00e3o, ciclismo, pular corda, basquete e futebol. Seu treinador pessoal de condicionamento f\u00edsico em seu pulso! RESISTENTE \u00c0 \u00c1GUA: mergulhe na sua jornada de condicionamento f\u00edsico sem se preocupar! Este rel\u00f3gio \u00e9 resistente \u00e0 [&hellip;]<\/p>\n","protected":false},"featured_media":71,"comment_status":"open","ping_status":"closed","template":"","meta":[],"product_brand":[],"product_cat":[19],"product_tag":[],"class_list":{"0":"post-56","1":"product","2":"type-product","3":"status-publish","4":"has-post-thumbnail","6":"product_cat-smart-wartch","8":"first","9":"instock","10":"sale","11":"shipping-taxable","12":"purchasable","13":"product-type-variable"},"_links":{"self":[{"href":"https:\/\/sanlimadigital.com.br\/autoatendimento\/wp-json\/wp\/v2\/product\/56","targetHints":{"allow":["GET"]}}],"collection":[{"href":"https:\/\/sanlimadigital.com.br\/autoatendimento\/wp-json\/wp\/v2\/product"}],"about":[{"href":"https:\/\/sanlimadigital.com.br\/autoatendimento\/wp-json\/wp\/v2\/types\/product"}],"replies":[{"embeddable":true,"href":"https:\/\/sanlimadigital.com.br\/autoatendimento\/wp-json\/wp\/v2\/comments?post=56"}],"wp:featuredmedia":[{"embeddable":true,"href":"https:\/\/sanlimadigital.com.br\/autoatendimento\/wp-json\/wp\/v2\/media\/71"}],"wp:attachment":[{"href":"https:\/\/sanlimadigital.com.br\/autoatendimento\/wp-json\/wp\/v2\/media?parent=56"}],"wp:term":[{"taxonomy":"product_brand","embeddable":true,"href":"https:\/\/sanlimadigital.com.br\/autoatendimento\/wp-json\/wp\/v2\/product_brand?post=56"},{"taxonomy":"product_cat","embeddable":true,"href":"https:\/\/sanlimadigital.com.br\/autoatendimento\/wp-json\/wp\/v2\/product_cat?post=56"},{"taxonomy":"product_tag","embeddable":true,"href":"https:\/\/sanlimadigital.com.br\/autoatendimento\/wp-json\/wp\/v2\/product_tag?post=56"}],"curies":[{"name":"wp","href":"https:\/\/api.w.org\/{rel}","templated":true}]}}