{"id":76,"date":"2025-02-18T19:34:26","date_gmt":"2025-02-18T22:34:26","guid":{"rendered":"https:\/\/sanlimadigital.com.br\/autoatendimento\/?post_type=product&#038;p=76"},"modified":"2025-02-18T19:37:11","modified_gmt":"2025-02-18T22:37:11","slug":"xiaomi-redmi-airdots-s-airdots-2-fone-bluetooth","status":"publish","type":"product","link":"https:\/\/sanlimadigital.com.br\/autoatendimento\/product\/xiaomi-redmi-airdots-s-airdots-2-fone-bluetooth\/","title":{"rendered":"Xiaomi Redmi Airdots S Airdots 2 Fone Bluetooth"},"content":{"rendered":"<p>Um novo conceito em \u00e1udio est\u00e9reo sem fio, estabilidade de conex\u00e3o e design confort\u00e1vel est\u00e1 prestes a revolucionar a sua experi\u00eancia com fones de ouvido. Com o Mi True Wireless Earbuds Basic 2 voc\u00ea ouve as suas m\u00fasicas e faz liga\u00e7\u00f5es sem o inc\u00f4modo de cabos que limitam os movimentos e causam desconfortos. N\u00f3s priorizamos a sua liberdade e a qualidade do som que voc\u00ea ouve em todos os momentos. Equipados com um processador com tecnologia bluetooth 5.0, os Earbuds aumentam a estabilidade das conex\u00f5es em ambientes internos e externos, oferecendo mais possibilidades de comunica\u00e7\u00e3o para a sua rotina de trabalho, treinos e lazer. O Mi True Wireless Eabuds Basic 2, funciona perfeitamente a at\u00e9 10 metros de dist\u00e2ncia do dispositivo pareado para a sua total conveni\u00eancia. Entre as fun\u00e7\u00f5es mais pedidas e utilizadas pelos nossos Mi F\u00e3s, est\u00e1 o modo single ear, feito para voc\u00ea utilizar em ambientes movimentados que exigem a sua aten\u00e7\u00e3o. Quando apenas um dos earbuds \u00e9 utilizado, a conex\u00e3o entre o earbud ativo e seu smartphone ser\u00e1 alternada automaticamente, dessa forma voc\u00ea n\u00e3o precisa parear novamente para poder ouvir sua playlist favorita ou receber uma liga\u00e7\u00e3o daquele amigo que voc\u00ea n\u00e3o v\u00ea h\u00e1 tempos. Ap\u00f3s uma r\u00e1pida configura\u00e7\u00e3o, os earbuds se conectam automaticamente ao seu dispositivo sempre que quiser utiliz\u00e1-los, basta tir\u00e1-los do case de carregamento. Vestir um earbud \u00e9 diferente de qualquer outro fone que j\u00e1 tenha experimentado. O design dos earbuds foi pensado para se encaixar gentilmente em seus ouvidos e ao mesmo tempo se manterem fixos enquanto voc\u00ea se movimenta. J\u00e1 o case de carregamento, al\u00e9m de caber na palma da sua m\u00e3o \u00e9 o dispositivo perfeito para manter os earbuds seguros e sempre carregados. O Mi True Wireless Earbuds Basic 2 \u00e9 t\u00e3o leve que voc\u00ea esquece que est\u00e1 com eles, pois pesa apenas 4.1g cada um. Para passar ou voltar a sua m\u00fasica favorita do momento ou receber liga\u00e7\u00f5es, voc\u00ea s\u00f3 precisa tocar levemente no bot\u00e3o f\u00edsico que comp\u00f5e o design dos earbuds. Se preferir, toque duas vezes no bot\u00e3o, ative o assistente de voz e mantenha as m\u00e3os livres para continuar se movimentando, sem interromper a sua atividade atual. Cheque a sua agenda, descubra novas rotas para o seu caminho com apenas um comando de voz e total comodidade. Com apenas uma carga, voc\u00ea utiliza os earbuds por at\u00e9 4 horas, se estiver com o case de carregamento, use por at\u00e9 12 horas. Se o n\u00edvel de bateria estiver baixo, o tempo de recarga total dos earbuds \u00e9 de apenas 1,5 horas e para recarregar totalmente o case, apenas 2 horas. Mi True Wireless Earbuds Basic 2, o b\u00e1sico que todo mundo quer.<\/p>\n","protected":false},"excerpt":{"rendered":"<p>Um novo conceito em \u00e1udio est\u00e9reo sem fio, estabilidade de conex\u00e3o e design confort\u00e1vel est\u00e1 prestes a revolucionar a sua experi\u00eancia com fones de ouvido. Com o Mi True Wireless Earbuds Basic 2 voc\u00ea ouve as suas m\u00fasicas e faz liga\u00e7\u00f5es sem o inc\u00f4modo de cabos que limitam os movimentos e causam desconfortos. N\u00f3s priorizamos [&hellip;]<\/p>\n","protected":false},"featured_media":82,"comment_status":"open","ping_status":"closed","template":"","meta":[],"product_brand":[],"product_cat":[21],"product_tag":[],"class_list":{"0":"post-76","1":"product","2":"type-product","3":"status-publish","4":"has-post-thumbnail","6":"product_cat-airdots","8":"first","9":"instock","10":"sale","11":"shipping-taxable","12":"purchasable","13":"product-type-simple"},"_links":{"self":[{"href":"https:\/\/sanlimadigital.com.br\/autoatendimento\/wp-json\/wp\/v2\/product\/76","targetHints":{"allow":["GET"]}}],"collection":[{"href":"https:\/\/sanlimadigital.com.br\/autoatendimento\/wp-json\/wp\/v2\/product"}],"about":[{"href":"https:\/\/sanlimadigital.com.br\/autoatendimento\/wp-json\/wp\/v2\/types\/product"}],"replies":[{"embeddable":true,"href":"https:\/\/sanlimadigital.com.br\/autoatendimento\/wp-json\/wp\/v2\/comments?post=76"}],"wp:featuredmedia":[{"embeddable":true,"href":"https:\/\/sanlimadigital.com.br\/autoatendimento\/wp-json\/wp\/v2\/media\/82"}],"wp:attachment":[{"href":"https:\/\/sanlimadigital.com.br\/autoatendimento\/wp-json\/wp\/v2\/media?parent=76"}],"wp:term":[{"taxonomy":"product_brand","embeddable":true,"href":"https:\/\/sanlimadigital.com.br\/autoatendimento\/wp-json\/wp\/v2\/product_brand?post=76"},{"taxonomy":"product_cat","embeddable":true,"href":"https:\/\/sanlimadigital.com.br\/autoatendimento\/wp-json\/wp\/v2\/product_cat?post=76"},{"taxonomy":"product_tag","embeddable":true,"href":"https:\/\/sanlimadigital.com.br\/autoatendimento\/wp-json\/wp\/v2\/product_tag?post=76"}],"curies":[{"name":"wp","href":"https:\/\/api.w.org\/{rel}","templated":true}]}}