{"id":94,"date":"2025-02-18T19:50:10","date_gmt":"2025-02-18T22:50:10","guid":{"rendered":"https:\/\/sanlimadigital.com.br\/autoatendimento\/?post_type=product&#038;p=94"},"modified":"2025-02-18T19:52:28","modified_gmt":"2025-02-18T22:52:28","slug":"smartwatch-tela-e-pulseira-colorida","status":"publish","type":"product","link":"https:\/\/sanlimadigital.com.br\/autoatendimento\/product\/smartwatch-tela-e-pulseira-colorida\/","title":{"rendered":"Smartwatch tela e pulseira colorida"},"content":{"rendered":"<p>Novo rel\u00f3gio inteligente IP67 P8 pulseira masculina feminina rel\u00f3gio esportivo monitor de frequ\u00eancia card\u00edaca Monitor de sono Smartwatch rastreador para telefone Fast ship<\/p>\n<p>Descri\u00e7\u00e3o:<\/p>\n<p>Projetado com uma tela de toque colorida brilhante de 1,4 polegadas que fornece profundidade de cor incr\u00edvel e clareza excepcional.<\/p>\n<p>Bateria de 170mAh embutida, longo tempo de espera e tempo de trabalho.<\/p>\n<p>Altera\u00e7\u00e3o da frequ\u00eancia card\u00edaca, compreens\u00e3o em tempo real; Sensor \u00f3ptico de frequ\u00eancia card\u00edaca, monitoramento em tempo real da frequ\u00eancia card\u00edaca durante o exerc\u00edcio, protege a sa\u00fade do seu cora\u00e7\u00e3o.<\/p>\n<p>Fun\u00e7\u00e3o principal: Passos, frequ\u00eancia card\u00edaca, press\u00e3o arterial, satura\u00e7\u00e3o de oxig\u00eanio no sangue, registro de dados do exerc\u00edcio, sele\u00e7\u00e3o de dial, envio de mensagem, despertador di\u00e1rio, controle de fotos, informa\u00e7\u00f5es meteorol\u00f3gicas, etc.<\/p>\n<p>Leve e confort\u00e1vel Apenas cerca de 46g de peso.<\/p>\n<p>Especifica\u00e7\u00e3o:<\/p>\n<p>Tela: Display de toque colorido de 1,4 \u201d<\/p>\n<p>Painel: Vidro temperado super resistente 2,5D<\/p>\n<p>N\u00edvel \u00e0 prova d\u2019\u00e1gua: IPX7<\/p>\n<p>Chip: NRF52832 (NORDIC)<\/p>\n<p>Sensor: Sensor Bosch BMA421; Sensor de frequ\u00eancia card\u00edaca HRS3300<\/p>\n<p>Bluetooth: BT4.0<\/p>\n<p>Bateria: bateria de pol\u00edmero de l\u00edtio 170mAh<\/p>\n<p>M\u00e9todo de carregamento; clipe de carregamento<\/p>\n<p>Cor: preto, cinza, dourado, azul, rosa<\/p>\n<p>APP: Da Fit<\/p>\n<p>Sistema de suporte: Android 4.4 ou superior \/ I0S9.0 ou superior<\/p>\n<p>N\u00edvel \u00e0 prova d\u2019\u00e1gua: IP67<\/p>\n<p>Tempo de carregamento: cerca de 2,5 horas<\/p>\n<p>Tempo de vida: 5-7 dias de uso, 25 dias de espera<\/p>\n<p>O pacote inclui:<\/p>\n<p>Rel\u00f3gio inteligente de 1 pe\u00e7a<\/p>\n<p>Clipe de carregamento de 1 pe\u00e7a<\/p>\n<p>Manual do usu\u00e1rio de 1 pe\u00e7a<\/p>\n<p>Com caixa de embalagem original<\/p>\n<p>Observa\u00e7\u00e3o:<\/p>\n<p>A cor pode ser ligeiramente diferente devido \u00e0 calibra\u00e7\u00e3o de cor de cada monitor individual.<\/p>\n<p>Permita um ligeiro desvio de medi\u00e7\u00e3o devido \u00e0 medi\u00e7\u00e3o manual.<\/p>\n","protected":false},"excerpt":{"rendered":"<p>Novo rel\u00f3gio inteligente IP67 P8 pulseira masculina feminina rel\u00f3gio esportivo monitor de frequ\u00eancia card\u00edaca Monitor de sono Smartwatch rastreador para telefone Fast ship Descri\u00e7\u00e3o: Projetado com uma tela de toque colorida brilhante de 1,4 polegadas que fornece profundidade de cor incr\u00edvel e clareza excepcional. Bateria de 170mAh embutida, longo tempo de espera e tempo de [&hellip;]<\/p>\n","protected":false},"featured_media":105,"comment_status":"open","ping_status":"closed","template":"","meta":[],"product_brand":[],"product_cat":[18],"product_tag":[],"class_list":{"0":"post-94","1":"product","2":"type-product","3":"status-publish","4":"has-post-thumbnail","6":"product_cat-apple-whatch","8":"first","9":"instock","10":"sale","11":"shipping-taxable","12":"purchasable","13":"product-type-variable"},"_links":{"self":[{"href":"https:\/\/sanlimadigital.com.br\/autoatendimento\/wp-json\/wp\/v2\/product\/94","targetHints":{"allow":["GET"]}}],"collection":[{"href":"https:\/\/sanlimadigital.com.br\/autoatendimento\/wp-json\/wp\/v2\/product"}],"about":[{"href":"https:\/\/sanlimadigital.com.br\/autoatendimento\/wp-json\/wp\/v2\/types\/product"}],"replies":[{"embeddable":true,"href":"https:\/\/sanlimadigital.com.br\/autoatendimento\/wp-json\/wp\/v2\/comments?post=94"}],"wp:featuredmedia":[{"embeddable":true,"href":"https:\/\/sanlimadigital.com.br\/autoatendimento\/wp-json\/wp\/v2\/media\/105"}],"wp:attachment":[{"href":"https:\/\/sanlimadigital.com.br\/autoatendimento\/wp-json\/wp\/v2\/media?parent=94"}],"wp:term":[{"taxonomy":"product_brand","embeddable":true,"href":"https:\/\/sanlimadigital.com.br\/autoatendimento\/wp-json\/wp\/v2\/product_brand?post=94"},{"taxonomy":"product_cat","embeddable":true,"href":"https:\/\/sanlimadigital.com.br\/autoatendimento\/wp-json\/wp\/v2\/product_cat?post=94"},{"taxonomy":"product_tag","embeddable":true,"href":"https:\/\/sanlimadigital.com.br\/autoatendimento\/wp-json\/wp\/v2\/product_tag?post=94"}],"curies":[{"name":"wp","href":"https:\/\/api.w.org\/{rel}","templated":true}]}}